{"id":2,"date":"2009-06-13T18:37:25","date_gmt":"2009-06-13T16:37:25","guid":{"rendered":"http:\/\/www.labrador-henk.de\/wordpress\/?page_id=2"},"modified":"2011-10-23T15:40:31","modified_gmt":"2011-10-23T13:40:31","slug":"eine-seite","status":"publish","type":"page","link":"http:\/\/www.labrador-henk.de\/wordpress\/?page_id=2","title":{"rendered":"\u00fcber mich"},"content":{"rendered":"<p><a href=\"http:\/\/www.labrador-henk.de\/wordpress\/wp-content\/uploads\/2009\/06\/Henk.jpg\"><img loading=\"lazy\" decoding=\"async\" class=\"aligncenter size-medium wp-image-330\" title=\"Henk\" src=\"http:\/\/www.labrador-henk.de\/wordpress\/wp-content\/uploads\/2009\/06\/Henk-300x298.jpg\" alt=\"Henk mit 6 Wochen\" width=\"300\" height=\"298\" srcset=\"http:\/\/www.labrador-henk.de\/wordpress\/wp-content\/uploads\/2009\/06\/Henk-300x298.jpg 300w, http:\/\/www.labrador-henk.de\/wordpress\/wp-content\/uploads\/2009\/06\/Henk-150x150.jpg 150w, http:\/\/www.labrador-henk.de\/wordpress\/wp-content\/uploads\/2009\/06\/Henk.jpg 329w\" sizes=\"auto, (max-width: 300px) 100vw, 300px\" \/><\/a><\/p>\n<p>Moin! Unser Henk wurde am 24.01.2009 in Ellerau im Kennel <a title=\"Kennel von der Tarpenbek\" href=\"http:\/\/www.von-der-tarpenbek.de\" target=\"_blank\">&#8222;Von der Tarpenbek&#8220;<\/a> mit 8 Geschwistern (noch 5 R\u00fcden und 3 H\u00fcndinnen) geboren. Er wog bei der Geburt 380 Gramm, seine schwersten Geschwister, Herr Paul und Hollyhunter, brachten stolze 450Gramm auf die Waage. Im Verlauf der n\u00e4chsten 8 Wochen, in denen wir ihn regelm\u00e4\u00dfig bei seiner supernetten Z\u00fcchterin Sabine Wolters-Arp besuchen durften, nahm er kr\u00e4ftig zu und wog mit 7 Wochen 6650 Gramm, bei der Abgabe mit 8 Wochen schon 7,7 kg. Heute ist er 22 Wochen alt und bringt 22 kg auf die Waage- ein kr\u00e4ftiges Kerlchen!<\/p>\n<p>Henk \u00fcbertrifft alle unsere Erwartungen- er ist f\u00fcr uns der perfekte Hund und wir haben sooo viel Spa\u00df mit ihm! Er ist total lieb und entspannt und macht einfach alles mit. Von Anfang an gab es keine Probleme mit dem Autofahren und auch zur Arbeit hat er mich schon vom ersten Tag an begleitet. Er spielt total gern und tr\u00e4gt beinahe alles mit sich herum, was er findet&#8230;dabei haben wir schon so manche &#8222;freudige&#8220; \u00dcberraschung erlebt&#8230; Der junge Herr ist verr\u00fcckt nach Gie\u00dfkannen und Besen jeglicher Art und Form. Hamburg-Lokstedt ist wesentlich sauberer geworden seit er bei uns lebt, denn er sammelt bei Spazierg\u00e4ngen verschiedenartigsten M\u00fcll auf und tr\u00e4gt ihn bis nach Hause.<\/p>\n<p>Wasser hat er gleich gern gehabt, ist aber zun\u00e4chst darin herumgeplanscht ohne zu schwimmen und hat versucht, es greifen oder zu bei\u00dfen. Jede Pf\u00fctze wird begeistert durchrannt. Seit gut 10 Tagen schwimmt er richtig und bringt uns begeistert und unerm\u00fcdlich das Wasserdummy (auch, wenn wir uns das Prinzip des richtigen Apportierens noch einmal zu Gem\u00fcte f\u00fchren m\u00fcssen&#8230;).<\/p>\nngg_shortcode_0_placeholder\n<p><strong>19.02.2010: R\u00f6ntgenergebnis<\/strong><\/p>\n<p>ED frei<br \/>\nHD B2\/B2<\/p>\n<p><strong>7.03.2010: Wesenstest<\/strong><\/p>\n<p>Der 13 Monate alte Labrador zeigt sich ausgeglichen in Temperament und Bewegung. Er spielt gern.<br \/>\nAusdauer, Unerschrockenheit, Aufmerksamkeit sind gut zu sehen.<br \/>\nBeuteverhalten, Tragen, Zutragen, Sp\u00fcrverhalten sind sehr gut zu sehen.<br \/>\nEr ordnet sich gern und vertrauensvoll unter.<br \/>\nDie Bindung ist sehr gut.<br \/>\nMenschen gegen\u00fcber ist er freundlich, braucht sie aber nicht so sehr. Die einengenden Situationen sind kein Problem.<br \/>\nIm Parcours baut er von Station zu Station leichte Unsicherheit auf, l\u00e4sst sich an alles heranf\u00fchren.<br \/>\nEr ist schussfest.<br \/>\nEin ausgeglichener, etwas weicher, sensibler R\u00fcde, der den Test zusammen mit seiner F\u00fchrerin durchl\u00e4uft.<\/p>\n<p><strong>4.09.2010 Begleithundepr\u00fcfung A + B<\/strong><\/p>\n<p>Mit gutem Ergebnis\u00a0\u00a0 (65\/80) hat\u00a0 Henk mit Frauchen die BHP in Teil A und B bestanden<\/p>\n<p>&nbsp;<\/p>\n<p><strong>17.09.2011 Formwert<br \/>\n<\/strong><\/p>\n<p><a title=\"Henks Formwert \/ DRC\" href=\"http:\/\/www.labrador-henk.de\/wordpress\/?p=434\">hier<\/a> meine Ergebnisse vom Formwert (DRC)<\/p>\n","protected":false},"excerpt":{"rendered":"<p>Moin! Unser Henk wurde am 24.01.2009 in Ellerau im Kennel &#8222;Von der Tarpenbek&#8220; mit 8 Geschwistern (noch 5 R\u00fcden und 3 H\u00fcndinnen) geboren. Er wog bei der Geburt 380 Gramm, seine schwersten Geschwister, Herr Paul und Hollyhunter, brachten stolze 450Gramm &hellip; <a href=\"http:\/\/www.labrador-henk.de\/wordpress\/?page_id=2\">Weiterlesen <span class=\"meta-nav\">&rarr;<\/span><\/a><\/p>\n","protected":false},"author":1,"featured_media":0,"parent":0,"menu_order":2,"comment_status":"closed","ping_status":"open","template":"","meta":{"ngg_post_thumbnail":0,"footnotes":""},"class_list":["post-2","page","type-page","status-publish","hentry"],"_links":{"self":[{"href":"http:\/\/www.labrador-henk.de\/wordpress\/index.php?rest_route=\/wp\/v2\/pages\/2","targetHints":{"allow":["GET"]}}],"collection":[{"href":"http:\/\/www.labrador-henk.de\/wordpress\/index.php?rest_route=\/wp\/v2\/pages"}],"about":[{"href":"http:\/\/www.labrador-henk.de\/wordpress\/index.php?rest_route=\/wp\/v2\/types\/page"}],"author":[{"embeddable":true,"href":"http:\/\/www.labrador-henk.de\/wordpress\/index.php?rest_route=\/wp\/v2\/users\/1"}],"replies":[{"embeddable":true,"href":"http:\/\/www.labrador-henk.de\/wordpress\/index.php?rest_route=%2Fwp%2Fv2%2Fcomments&post=2"}],"version-history":[{"count":0,"href":"http:\/\/www.labrador-henk.de\/wordpress\/index.php?rest_route=\/wp\/v2\/pages\/2\/revisions"}],"wp:attachment":[{"href":"http:\/\/www.labrador-henk.de\/wordpress\/index.php?rest_route=%2Fwp%2Fv2%2Fmedia&parent=2"}],"curies":[{"name":"wp","href":"https:\/\/api.w.org\/{rel}","templated":true}]}}